{"id":850,"date":"2017-12-13T18:09:04","date_gmt":"2017-12-13T20:09:04","guid":{"rendered":"http:\/\/localhost\/trusteedtvm\/?page_id=850"},"modified":"2023-07-20T15:58:36","modified_gmt":"2023-07-20T18:58:36","slug":"qualidade","status":"publish","type":"page","link":"https:\/\/nambbu.net\/trusteedtvm\/qualidade\/","title":{"rendered":"Qualidade"},"content":{"rendered":"<p>A Planner atua h\u00e1 mais de 20 anos no mercado financeiro e tem a miss\u00e3o de transformar oportunidades em resultados que adicionam valor ao patrim\u00f4nio de pessoas e de empresas.<\/p>\n<p>Re\u00fane v\u00e1rias empresas independentes, mas que trocam conhecimento, talento e experi\u00eancia para oferecer aos clientes maior solidez e seguran\u00e7a, sem perder o foco de sua especializa\u00e7\u00e3o e expertise.<\/p>\n<p>Como uma Holding, oferece um conjunto completo de produtos e servi\u00e7os, para os mercados brasileiro e internacional, sendo um dos servi\u00e7os prestados o de Agente Fiduci\u00e1rio.<\/p>\n","protected":false},"excerpt":{"rendered":"<p>A Planner atua h\u00e1 mais de 20 anos no mercado financeiro e tem a miss\u00e3o de transformar oportunidades em resultados que adicionam valor ao patrim\u00f4nio de pessoas e de empresas. Re\u00fane v\u00e1rias empresas independentes, mas que trocam conhecimento, talento e experi\u00eancia para oferecer aos clientes maior solidez e seguran\u00e7a, sem perder o foco de sua [&hellip;]<\/p>\n","protected":false},"author":1,"featured_media":851,"parent":0,"menu_order":0,"comment_status":"closed","ping_status":"closed","template":"","meta":{"footnotes":""},"class_list":["post-850","page","type-page","status-publish","has-post-thumbnail","hentry"],"acf":[],"publishpress_future_action":{"enabled":false,"date":"1969-12-31 21:00:00","action":"","terms":[],"taxonomy":"","browser_timezone_offset":0},"_links":{"self":[{"href":"https:\/\/nambbu.net\/trusteedtvm\/wp-json\/wp\/v2\/pages\/850","targetHints":{"allow":["GET"]}}],"collection":[{"href":"https:\/\/nambbu.net\/trusteedtvm\/wp-json\/wp\/v2\/pages"}],"about":[{"href":"https:\/\/nambbu.net\/trusteedtvm\/wp-json\/wp\/v2\/types\/page"}],"author":[{"embeddable":true,"href":"https:\/\/nambbu.net\/trusteedtvm\/wp-json\/wp\/v2\/users\/1"}],"replies":[{"embeddable":true,"href":"https:\/\/nambbu.net\/trusteedtvm\/wp-json\/wp\/v2\/comments?post=850"}],"version-history":[{"count":1,"href":"https:\/\/nambbu.net\/trusteedtvm\/wp-json\/wp\/v2\/pages\/850\/revisions"}],"predecessor-version":[{"id":852,"href":"https:\/\/nambbu.net\/trusteedtvm\/wp-json\/wp\/v2\/pages\/850\/revisions\/852"}],"wp:featuredmedia":[{"embeddable":true,"href":"https:\/\/nambbu.net\/trusteedtvm\/wp-json\/wp\/v2\/media\/851"}],"wp:attachment":[{"href":"https:\/\/nambbu.net\/trusteedtvm\/wp-json\/wp\/v2\/media?parent=850"}],"curies":[{"name":"wp","href":"https:\/\/api.w.org\/{rel}","templated":true}]}}